{"id":2,"date":"2015-10-02T14:44:24","date_gmt":"2015-10-02T13:44:24","guid":{"rendered":"http:\/\/bodorasler.com\/?page_id=2"},"modified":"2023-03-25T02:21:58","modified_gmt":"2023-03-25T01:21:58","slug":"sample-page","status":"publish","type":"page","link":"http:\/\/bodorasler.com\/","title":{"rendered":"Home"},"content":{"rendered":"<h1 style=\"padding-left: 30px; text-align: left;\"><span style=\"color: #ff0000; text-decoration: underline;\"><strong><span style=\"text-decoration: underline;\"><span style=\"color: #ff0000; text-decoration: underline;\">Im Aufbau \/ under\u00a0 construction<\/span><\/span><\/strong><\/span><span style=\"color: #ff0000;\"><strong>\u00a0\u00a0\u00a0\u00a0\u00a0\u00a0\u00a0\u00a0\u00a0\u00a0\u00a0\u00a0\u00a0\u00a0\u00a0\u00a0\u00a0\u00a0 <\/strong><\/span><span style=\"color: #ff0000; text-decoration: underline;\"><strong><span style=\"color: #00ff00; text-decoration: underline;\">letzte \u00c4nderung: 25.03.2023 &#8211;\u00a0<span style=\"color: #ff0000; text-decoration: underline;\"> last update<\/span><\/span><br \/>\n<\/strong><\/span><\/h1>\n<p style=\"text-align: left;\"><a href=\"http:\/\/bodorasler.com\/wp-content\/uploads\/2013\/10\/MG_5803.jpg\"><img loading=\"lazy\" decoding=\"async\" class=\" wp-image-27\" src=\"http:\/\/bodorasler.com\/wp-content\/uploads\/2013\/10\/MG_5803-300x200.jpg\" alt=\"Me\" width=\"536\" height=\"357\" srcset=\"http:\/\/bodorasler.com\/wp-content\/uploads\/2013\/10\/MG_5803-300x200.jpg 300w, http:\/\/bodorasler.com\/wp-content\/uploads\/2013\/10\/MG_5803-1024x682.jpg 1024w\" sizes=\"(max-width: 536px) 100vw, 536px\" \/><\/a><\/p>\n<h2>( nicht ich &#8211; diese Seite !\u00a0 \/ not me, this PAGE &#8211; I&#8217;m under RE-construction ! )<\/h2>\n<h2><span style=\"color: #00ff00;\"> <a href=\"http:\/\/bodorasler.com\/wp-content\/uploads\/2023\/03\/Bodo.2.jpg\"><img loading=\"lazy\" decoding=\"async\" class=\"alignnone  wp-image-4709\" src=\"http:\/\/bodorasler.com\/wp-content\/uploads\/2023\/03\/Bodo.2.jpg\" alt=\"\" width=\"403\" height=\"517\" srcset=\"http:\/\/bodorasler.com\/wp-content\/uploads\/2023\/03\/Bodo.2.jpg 700w, http:\/\/bodorasler.com\/wp-content\/uploads\/2023\/03\/Bodo.2-234x300.jpg 234w, http:\/\/bodorasler.com\/wp-content\/uploads\/2023\/03\/Bodo.2-117x150.jpg 117w\" sizes=\"(max-width: 403px) 100vw, 403px\" \/><\/a><\/span><\/h2>\n<h2>( Ergebnis nach 10 Jahren RE-construction !! )<\/h2>\n<h1><span style=\"text-decoration: underline;\"><span style=\"color: #ff0000; text-decoration: underline;\">ENGLISH text further down !<br \/>\n<\/span><\/span><\/h1>\n<h2>Ich wurde im zarten Alter von 5 Jahren vom Eisenbahnvirus duch meinen Vater infiziert. Der \u00fcblichen kleinen Anlage \u00fcber dem Bett folgte Jahre sp\u00e4ter eine grosse Anlage auf dem Dachboden in meinem Elternhaus. Daf\u00fcr ben\u00f6tigte ich nat\u00fcrlich Z\u00fcge, Z\u00fcge, Z\u00fcge&#8230; Somit war der Grundstein f\u00fcr eine Sammlung gelegt, die sich dann \u00fcber die n\u00e4chsten 50 Jahre fast wie von selbst &#8218;vergr\u00f6sserte&#8216;. Die alten M\u00e4rklin Artikel aus dieser Zeit sind l\u00e4ngst verkauft, als ich dann in den 70&#8217;er Jahren auf Gleichstrom umstieg und erst mal nur sammelte.<\/h2>\n<h2>Da ich dann zwischen meinem 20sten und 60sten Lebensjahr den \u00fcberwiegenden Teil der Zeit im Ausland verbrachte und weiter sammelte was mir gefiel, hat sich in meinem Elternhaus eine Art &#8218;Lagerhaus&#8216; \u00fcber die letzten Jahrzehnte entwickelt &#8211; quer durch alle Epochen und von \u00fcber 100 Modellbahnherstellern. Zum &#8218;Spielen&#8216; kam ich einfach nicht.<\/h2>\n<h2>Wenn ich abends nach Hause kam, habe ich erst mal den obligatorischen Feierabend-Martini genossen (GIN-Martini! ger\u00fchrt &#8211; micht gesch\u00fcttelt!), dann ein wenig Gartenarbeit und dann wollten die Hunde ja auch noch mit &#8218;Herrchen&#8216; spielen! (das Teil in meiner rechten Hand ist \u00fcbrigens ein Flohhalsband f\u00fcr den Grossen im Bild RECHTS!!)<\/h2>\n<p><a href=\"http:\/\/bodorasler.com\/wp-content\/uploads\/2015\/10\/propergreeting.jpg\" rel=\"attachment wp-att-2006\">\u00a0\u00a0 \u00a0 \u00a0 \u00a0 \u00a0 \u00a0 \u00a0 \u00a0 \u00a0 \u00a0 \u00a0 \u00a0 \u00a0 \u00a0 \u00a0 \u00a0\u00a0 \u00a0\u00a0\u00a0\u00a0\u00a0\u00a0\u00a0\u00a0 <img loading=\"lazy\" decoding=\"async\" class=\"alignnone wp-image-2006\" src=\"http:\/\/bodorasler.com\/wp-content\/uploads\/2015\/10\/propergreeting.jpg\" alt=\"propergreeting\" width=\"467\" height=\"558\" srcset=\"http:\/\/bodorasler.com\/wp-content\/uploads\/2015\/10\/propergreeting.jpg 638w, http:\/\/bodorasler.com\/wp-content\/uploads\/2015\/10\/propergreeting-251x300.jpg 251w, http:\/\/bodorasler.com\/wp-content\/uploads\/2015\/10\/propergreeting-126x150.jpg 126w\" sizes=\"(max-width: 467px) 100vw, 467px\" \/><\/a><a href=\"http:\/\/bodorasler.com\/wp-content\/uploads\/2015\/10\/Bodo-2009-Jan.1.jpg\" rel=\"attachment wp-att-2005\"><img loading=\"lazy\" decoding=\"async\" class=\"alignnone wp-image-2005\" src=\"http:\/\/bodorasler.com\/wp-content\/uploads\/2015\/10\/Bodo-2009-Jan.1.jpg\" alt=\"Bodo 2009-Jan.1\" width=\"371\" height=\"557\" srcset=\"http:\/\/bodorasler.com\/wp-content\/uploads\/2015\/10\/Bodo-2009-Jan.1.jpg 800w, http:\/\/bodorasler.com\/wp-content\/uploads\/2015\/10\/Bodo-2009-Jan.1-200x300.jpg 200w, http:\/\/bodorasler.com\/wp-content\/uploads\/2015\/10\/Bodo-2009-Jan.1-768x1152.jpg 768w, http:\/\/bodorasler.com\/wp-content\/uploads\/2015\/10\/Bodo-2009-Jan.1-683x1024.jpg 683w, http:\/\/bodorasler.com\/wp-content\/uploads\/2015\/10\/Bodo-2009-Jan.1-100x150.jpg 100w\" sizes=\"(max-width: 371px) 100vw, 371px\" \/><\/a><a href=\"http:\/\/bodorasler.com\/wp-content\/uploads\/2015\/10\/Utz-Nelson.jpg\" rel=\"attachment wp-att-2007\"><img loading=\"lazy\" decoding=\"async\" class=\"alignnone wp-image-2007\" src=\"http:\/\/bodorasler.com\/wp-content\/uploads\/2015\/10\/Utz-Nelson.jpg\" alt=\"Utz &amp; Nelson\" width=\"619\" height=\"557\" srcset=\"http:\/\/bodorasler.com\/wp-content\/uploads\/2015\/10\/Utz-Nelson.jpg 800w, http:\/\/bodorasler.com\/wp-content\/uploads\/2015\/10\/Utz-Nelson-300x270.jpg 300w, http:\/\/bodorasler.com\/wp-content\/uploads\/2015\/10\/Utz-Nelson-768x691.jpg 768w, http:\/\/bodorasler.com\/wp-content\/uploads\/2015\/10\/Utz-Nelson-167x150.jpg 167w, http:\/\/bodorasler.com\/wp-content\/uploads\/2015\/10\/Utz-Nelson-150x135.jpg 150w\" sizes=\"(max-width: 619px) 100vw, 619px\" \/><\/a><\/p>\n<h2>Nun &#8211; ich bin inzwischen im &#8218;Unruhestand&#8216; &#8211; ist die Sammlung so gross ( inzwischen knapp 7.000 Loks und Wagen ! ), dass selbst die gr\u00f6sste Anlage, alle Schattenbahnh\u00f6fe und diverse Virinen nur einen Bruchteil aufnehmen k\u00f6nnen und die weiteren &#8218;Lagerfl\u00e4chen&#8216; in eine Anlage umgewandelt werden sollen, um einen Teil dieser Sammlung dem eigentlich urspr\u00fcnglichen Zweck der Modellbahnerei zuf\u00fchren zu k\u00f6nnen &#8211; richtig spielen!<\/h2>\n<h2>Daher werde ich in den n\u00e4chsten Jahren einen sehr grossen Teil meiner Sammlung abgeben und bei eBay einstellen. Es handelt sich fast ausschliesslich um nicht gelaufene Modelle im Neuzustand. Informationen hierzu unter den folgenden Seiten. Sie k\u00f6nnen mir auch gerne Ihre SUCH-LISTE schicken &#8211; sehr viel von dem was ich abgeben\/tauschen w\u00fcrde, kommt erst hier auf die Seite, wenn ich die Zeit dazu habe.<\/h2>\n<h2>Parallel dazu, habe ich mit der Planung einer Anlage mit Thema WESTERN USA begonnen. Die urspr\u00fcngliche Idee, einer optisch getrennten Mitteleuropa und die USA darstellenden Anlage habe ich aufgegeben. Ich habe seit 2001 \u00fcberwiegend US Modelle gesammelt. Somit kommt fast alles nicht-US zum Verkauf. Siehe ANLAGE \/ LAYOUT.<\/h2>\n<h1><span style=\"text-decoration: underline;\"><span style=\"color: #ff0000; text-decoration: underline;\">ENGLISH<\/span><\/span><\/h1>\n<h2>At the tender age of 5, I have been infected with the ModelRailRoadVirus (MRRV) by my father. The usual small layout over the bed was followed by a much larger setup under the roof of my parents&#8216; new home a few years later. That new &#8211; incredibly large space! &#8211; was longing for trains, trains, trains&#8230;..<\/h2>\n<h2>So was laid the foundation for a Model Railroad Collection which grew over the next 50 years almost by itself, seemingly fostered by that benign MRRV (definitely BENIGN!, although &#8211; if you ask my wife &#8211; you may get a different opinion [so don&#8217;t ask your wife!]). The old M\u00e4rklin items were sold a long time ago since I changed to DC in the 70&#8217;s.<\/h2>\n<h2>Since I spent my life between my 20th and 60th birthday most of the time abroad and kept on collecting whatever I liked, a huge &#8218;warehouse&#8216; has accumulated at my parent&#8217;s place &#8211; covering all time periods and many countries (RR) from more than 100 manufacturers. I never really found the time to &#8218;play&#8216; with them.<\/h2>\n<h2>When I came home in the evening, first thing was the obligatory Martini (GIN-Martini! stirred &#8211; not shaken!), then a bit of gardening and finally the dogs wanted their share of time with their master! (by the way &#8211; that &#8218;THING&#8216; in my right hand is the flea-collar for the BIG-one in the picture at RIGHT!)<\/h2>\n<p><a href=\"http:\/\/bodorasler.com\/wp-content\/uploads\/2015\/10\/propergreeting.jpg\" rel=\"attachment wp-att-2006\">\u00a0\u00a0\u00a0\u00a0\u00a0\u00a0\u00a0\u00a0\u00a0\u00a0\u00a0\u00a0\u00a0\u00a0\u00a0\u00a0\u00a0\u00a0\u00a0\u00a0\u00a0\u00a0\u00a0\u00a0\u00a0\u00a0\u00a0\u00a0\u00a0\u00a0\u00a0\u00a0\u00a0\u00a0\u00a0\u00a0\u00a0\u00a0\u00a0\u00a0\u00a0 <img loading=\"lazy\" decoding=\"async\" class=\"alignnone wp-image-2006\" src=\"http:\/\/bodorasler.com\/wp-content\/uploads\/2015\/10\/propergreeting.jpg\" alt=\"propergreeting\" width=\"467\" height=\"558\" srcset=\"http:\/\/bodorasler.com\/wp-content\/uploads\/2015\/10\/propergreeting.jpg 638w, http:\/\/bodorasler.com\/wp-content\/uploads\/2015\/10\/propergreeting-251x300.jpg 251w, http:\/\/bodorasler.com\/wp-content\/uploads\/2015\/10\/propergreeting-126x150.jpg 126w\" sizes=\"(max-width: 467px) 100vw, 467px\" \/><\/a><a href=\"http:\/\/bodorasler.com\/wp-content\/uploads\/2015\/10\/Bodo-2009-Jan.1.jpg\" rel=\"attachment wp-att-2005\"><img loading=\"lazy\" decoding=\"async\" class=\"alignnone wp-image-2005\" src=\"http:\/\/bodorasler.com\/wp-content\/uploads\/2015\/10\/Bodo-2009-Jan.1.jpg\" alt=\"Bodo 2009-Jan.1\" width=\"371\" height=\"557\" srcset=\"http:\/\/bodorasler.com\/wp-content\/uploads\/2015\/10\/Bodo-2009-Jan.1.jpg 800w, http:\/\/bodorasler.com\/wp-content\/uploads\/2015\/10\/Bodo-2009-Jan.1-200x300.jpg 200w, http:\/\/bodorasler.com\/wp-content\/uploads\/2015\/10\/Bodo-2009-Jan.1-768x1152.jpg 768w, http:\/\/bodorasler.com\/wp-content\/uploads\/2015\/10\/Bodo-2009-Jan.1-683x1024.jpg 683w, http:\/\/bodorasler.com\/wp-content\/uploads\/2015\/10\/Bodo-2009-Jan.1-100x150.jpg 100w\" sizes=\"(max-width: 371px) 100vw, 371px\" \/><\/a><a href=\"http:\/\/bodorasler.com\/wp-content\/uploads\/2015\/10\/Utz-Nelson.jpg\" rel=\"attachment wp-att-2007\"><img loading=\"lazy\" decoding=\"async\" class=\"alignnone wp-image-2007\" src=\"http:\/\/bodorasler.com\/wp-content\/uploads\/2015\/10\/Utz-Nelson.jpg\" alt=\"Utz &amp; Nelson\" width=\"619\" height=\"557\" srcset=\"http:\/\/bodorasler.com\/wp-content\/uploads\/2015\/10\/Utz-Nelson.jpg 800w, http:\/\/bodorasler.com\/wp-content\/uploads\/2015\/10\/Utz-Nelson-300x270.jpg 300w, http:\/\/bodorasler.com\/wp-content\/uploads\/2015\/10\/Utz-Nelson-768x691.jpg 768w, http:\/\/bodorasler.com\/wp-content\/uploads\/2015\/10\/Utz-Nelson-167x150.jpg 167w, http:\/\/bodorasler.com\/wp-content\/uploads\/2015\/10\/Utz-Nelson-150x135.jpg 150w\" sizes=\"(max-width: 619px) 100vw, 619px\" \/><\/a><\/p>\n<h2>Meanwhile &#8211; retired by now &#8211; the collection has grown so large ( close to 7.000 engines and cars !) that the largest layout, all storage tracks and display cases can only accommodate a small portion of it. Much of that storage space is destined to be converted to a functional layout &#8211; to bring the trains on the tracks and back to their original purpose of being: PLAYING with them!<\/h2>\n<h2>Hence, a large portion of my collection will have to go over the next few years and show-up on eBay. These are mostly models that have not been run at all; and if at all out of the box &#8211; been sitting in display cases. Information to what I have you can find on the following pages. You may also send me your SEARCH-LIST. Many items I am going to sell will only go on eBay or will show up here once I find the time to list them!<\/h2>\n<h2>At present I am beginning to plan a layout with the theme WESTERN USA. The original idea of a visually split European \/ US scenario I have abolished. Hence all of my &#8218;Jewels&#8216; of German, Swiss, French and other European RR will be on sale!<\/h2>\n<h2><b>After all &#8211; Model Railroading is Fun !!<\/b><\/h2>\n<h2><\/h2>\n","protected":false},"excerpt":{"rendered":"<p>Im Aufbau \/ under\u00a0 construction\u00a0\u00a0\u00a0\u00a0\u00a0\u00a0\u00a0\u00a0\u00a0\u00a0\u00a0\u00a0\u00a0\u00a0\u00a0\u00a0\u00a0\u00a0 letzte \u00c4nderung: 25.03.2023 &#8211;\u00a0 last update ( nicht ich &#8211; diese Seite !\u00a0 \/ not me, this PAGE &#8211; I&#8217;m under RE-construction ! ) ( Ergebnis nach 10 Jahren RE-construction !! ) ENGLISH text further down ! Ich wurde im zarten Alter von 5 Jahren vom Eisenbahnvirus duch meinen Vater infiziert. Der \u00fcblichen kleinen Anlage \u00fcber dem Bett folgte Jahre sp\u00e4ter eine grosse Anlage auf dem Dachboden in meinem Elternhaus. Daf\u00fcr ben\u00f6tigte ich nat\u00fcrlich Z\u00fcge, Z\u00fcge, Z\u00fcge&#8230; Somit war der Grundstein f\u00fcr eine Sammlung gelegt, die sich dann \u00fcber die n\u00e4chsten 50 Jahre fast wie von selbst &#8218;vergr\u00f6sserte&#8216;. Die alten M\u00e4rklin Artikel aus dieser Zeit \u2026 <a class=\"continue-reading-link\" href=\"http:\/\/bodorasler.com\/\"> Continue reading <span class=\"meta-nav\">&rarr; <\/span><\/a><\/p>\n","protected":false},"author":1,"featured_media":0,"parent":0,"menu_order":0,"comment_status":"open","ping_status":"closed","template":"","meta":{"footnotes":""},"class_list":["post-2","page","type-page","status-publish","hentry"],"_links":{"self":[{"href":"http:\/\/bodorasler.com\/index.php?rest_route=\/wp\/v2\/pages\/2"}],"collection":[{"href":"http:\/\/bodorasler.com\/index.php?rest_route=\/wp\/v2\/pages"}],"about":[{"href":"http:\/\/bodorasler.com\/index.php?rest_route=\/wp\/v2\/types\/page"}],"author":[{"embeddable":true,"href":"http:\/\/bodorasler.com\/index.php?rest_route=\/wp\/v2\/users\/1"}],"replies":[{"embeddable":true,"href":"http:\/\/bodorasler.com\/index.php?rest_route=%2Fwp%2Fv2%2Fcomments&post=2"}],"version-history":[{"count":248,"href":"http:\/\/bodorasler.com\/index.php?rest_route=\/wp\/v2\/pages\/2\/revisions"}],"predecessor-version":[{"id":4712,"href":"http:\/\/bodorasler.com\/index.php?rest_route=\/wp\/v2\/pages\/2\/revisions\/4712"}],"wp:attachment":[{"href":"http:\/\/bodorasler.com\/index.php?rest_route=%2Fwp%2Fv2%2Fmedia&parent=2"}],"curies":[{"name":"wp","href":"https:\/\/api.w.org\/{rel}","templated":true}]}}