{"id":1565,"date":"2015-10-17T22:30:43","date_gmt":"2015-10-17T21:30:43","guid":{"rendered":"http:\/\/bodorasler.com\/?page_id=1565"},"modified":"2024-01-11T21:17:18","modified_gmt":"2024-01-11T20:17:18","slug":"buecher-zu-verkauf","status":"publish","type":"page","link":"http:\/\/bodorasler.com\/?page_id=1565","title":{"rendered":"B\u00fccher \/ Books"},"content":{"rendered":"\n<h3 class=\"wp-block-heading\">Die Schr\u00e4nke m\u00fcssen leerer werden und da ich nun nur noch US-eisenbahne, kommen auch viele meiner NICHT-US B\u00fccher zum Verkauf.<\/h3>\n\n\n\n<h3 class=\"wp-block-heading\">Alles ist in einem TOP Zustand da meist nur 1x gelesen. Alles lagert im Wohnbereich (nicht im feuchten Keller oder heissen Dachboden!).<\/h3>\n\n\n\n<h3 class=\"wp-block-heading\">Zur Zeit habe ich diese Liste &#8211; wird aber noch mehr im Laufe der Zeit (bitte auf die Zeile unten clicken!):<\/h3>\n\n\n\n<h1 class=\"wp-block-heading\"><span style=\"text-decoration: underline; color: #00ff00;\"><strong>letzte \u00c4nderung: 02.09.2015 \/ last update<\/strong><\/span><\/h1>\n\n\n\n<h1 class=\"wp-block-heading\"><span style=\"color: #ff0000;\">Eisenbahn Buecher non-US &#8211; bitte anfragen, was Sie suchen.<\/span><\/h1>\n\n\n\n<h1 class=\"wp-block-heading\"><\/h1>\n","protected":false},"excerpt":{"rendered":"<p>Die Schr\u00e4nke m\u00fcssen leerer werden und da ich nun nur noch US-eisenbahne, kommen auch viele meiner NICHT-US B\u00fccher zum Verkauf. Alles ist in einem TOP Zustand da meist nur 1x gelesen. Alles lagert im Wohnbereich (nicht im feuchten Keller oder heissen Dachboden!). Zur Zeit habe ich diese Liste &#8211; wird aber noch mehr im Laufe der Zeit (bitte auf die Zeile unten clicken!): letzte \u00c4nderung: 02.09.2015 \/ last update Eisenbahn Buecher non-US &#8211; bitte anfragen, was Sie suchen.<\/p>\n","protected":false},"author":1,"featured_media":0,"parent":0,"menu_order":0,"comment_status":"closed","ping_status":"closed","template":"","meta":{"footnotes":""},"class_list":["post-1565","page","type-page","status-publish","hentry"],"_links":{"self":[{"href":"http:\/\/bodorasler.com\/index.php?rest_route=\/wp\/v2\/pages\/1565"}],"collection":[{"href":"http:\/\/bodorasler.com\/index.php?rest_route=\/wp\/v2\/pages"}],"about":[{"href":"http:\/\/bodorasler.com\/index.php?rest_route=\/wp\/v2\/types\/page"}],"author":[{"embeddable":true,"href":"http:\/\/bodorasler.com\/index.php?rest_route=\/wp\/v2\/users\/1"}],"replies":[{"embeddable":true,"href":"http:\/\/bodorasler.com\/index.php?rest_route=%2Fwp%2Fv2%2Fcomments&post=1565"}],"version-history":[{"count":13,"href":"http:\/\/bodorasler.com\/index.php?rest_route=\/wp\/v2\/pages\/1565\/revisions"}],"predecessor-version":[{"id":4717,"href":"http:\/\/bodorasler.com\/index.php?rest_route=\/wp\/v2\/pages\/1565\/revisions\/4717"}],"wp:attachment":[{"href":"http:\/\/bodorasler.com\/index.php?rest_route=%2Fwp%2Fv2%2Fmedia&parent=1565"}],"curies":[{"name":"wp","href":"https:\/\/api.w.org\/{rel}","templated":true}]}}